{"id":780,"date":"2021-03-21T20:36:32","date_gmt":"2021-03-21T20:36:32","guid":{"rendered":"https:\/\/gpsites.co\/scar-new\/?page_id=8"},"modified":"2026-01-08T09:52:12","modified_gmt":"2026-01-08T09:52:12","slug":"home","status":"publish","type":"page","link":"https:\/\/www.remlinger-eierlauf.de\/","title":{"rendered":"Home"},"content":{"rendered":"<div class=\"gb-container gb-container-7cb3ce5d\" id=\"home-top\"><div class=\"gb-inside-container\">\n<div class=\"gb-grid-wrapper gb-grid-wrapper-fbaff907\">\n<div class=\"gb-grid-column gb-grid-column-d474f4fb\"><div class=\"gb-container gb-container-d474f4fb\"><div class=\"gb-inside-container\">\n\n<p class=\"gb-headline gb-headline-82120a78 gb-headline-text\">traditioneller Ostermontagsbrauch <strong>seit 1738<\/strong><\/p>\n\n\n<div class=\"gb-button-wrapper gb-button-wrapper-b38ca1b6\">\n\n<span class=\"gb-button gb-button-8c947bf4 gb-button-text\">&#8211;<\/span>\n\n<\/div>\n\n\n<h2 class=\"gb-headline gb-headline-d19fc018 gb-headline-text\">288. Remlinger<br>Eierlauf 2026<\/h2>\n\n<\/div><\/div><\/div>\n\n<div class=\"gb-grid-column gb-grid-column-cc737dbf\"><div class=\"gb-container gb-container-cc737dbf\"><div class=\"gb-inside-container\">\n\n<figure class=\"wp-block-image size-full\"><img loading=\"lazy\" decoding=\"async\" width=\"585\" height=\"626\" src=\"https:\/\/www.remlinger-eierlauf.de\/wp-content\/uploads\/2022\/12\/Remlingen_Wappen.png\" alt=\"\" class=\"wp-image-16\" srcset=\"https:\/\/www.remlinger-eierlauf.de\/wp-content\/uploads\/2022\/12\/Remlingen_Wappen.png 585w, https:\/\/www.remlinger-eierlauf.de\/wp-content\/uploads\/2022\/12\/Remlingen_Wappen-280x300.png 280w\" sizes=\"auto, (max-width: 585px) 100vw, 585px\" \/><\/figure>\n\n<\/div><\/div><\/div>\n<\/div>\n<\/div><\/div>\n\n<div class=\"gb-container gb-container-50685909\" id=\"about-us\"><div class=\"gb-inside-container\">\n<div class=\"gb-grid-wrapper gb-grid-wrapper-6ad57603\">\n<div class=\"gb-grid-column gb-grid-column-24dce0c1\"><div class=\"gb-container gb-container-24dce0c1\"><div class=\"gb-inside-container\">\n<div class=\"gb-grid-wrapper gb-grid-wrapper-f5a10cdf\">\n<div class=\"gb-grid-column gb-grid-column-341f8b69\"><div class=\"gb-container gb-container-341f8b69\"><div class=\"gb-inside-container\">\n\n<figure class=\"wp-block-image size-large\"><img loading=\"lazy\" decoding=\"async\" width=\"683\" height=\"1024\" src=\"https:\/\/www.remlinger-eierlauf.de\/wp-content\/uploads\/2022\/12\/IMG_9347entw-min-683x1024.jpg\" alt=\"\" class=\"wp-image-1028\" srcset=\"https:\/\/www.remlinger-eierlauf.de\/wp-content\/uploads\/2022\/12\/IMG_9347entw-min-683x1024.jpg 683w, https:\/\/www.remlinger-eierlauf.de\/wp-content\/uploads\/2022\/12\/IMG_9347entw-min-200x300.jpg 200w, https:\/\/www.remlinger-eierlauf.de\/wp-content\/uploads\/2022\/12\/IMG_9347entw-min-768x1152.jpg 768w, https:\/\/www.remlinger-eierlauf.de\/wp-content\/uploads\/2022\/12\/IMG_9347entw-min.jpg 864w\" sizes=\"auto, (max-width: 683px) 100vw, 683px\" \/><\/figure>\n\n<\/div><\/div><\/div>\n\n<div class=\"gb-grid-column gb-grid-column-481c8d15\"><div class=\"gb-container gb-container-481c8d15\"><div class=\"gb-inside-container\"><\/div><\/div><\/div>\n<\/div>\n<\/div><\/div><\/div>\n\n<div class=\"gb-grid-column gb-grid-column-046dfce9\"><div class=\"gb-container gb-container-046dfce9\"><div class=\"gb-inside-container\">\n<div class=\"gb-grid-wrapper gb-grid-wrapper-26563dd3\">\n<div class=\"gb-grid-column gb-grid-column-dc593aab\"><div class=\"gb-container gb-container-dc593aab\"><div class=\"gb-inside-container\">\n\n<h4 class=\"gb-headline gb-headline-bf3dc8a2 gb-headline-text\"><strong><strong><strong><strong>Wie gewohnt am Ostermontag <\/strong><\/strong><\/strong><\/strong><\/h4>\n\n\n<div class=\"gb-button-wrapper gb-button-wrapper-8fe2d3b9\">\n\n<span class=\"gb-button gb-button-84c1e68b gb-button-text\">Button<\/span>\n\n<\/div>\n\n\n<p class=\"gb-headline gb-headline-5e11e770 gb-headline-text\">Am Ostermontag (06. April 2026) findet wieder unser traditioneller Remlinger Eierlauf statt\u00a0\ud83d\ude4c Wir freuen uns auf euren Besuch!<\/p>\n\n<\/div><\/div><\/div>\n\n<div class=\"gb-grid-column gb-grid-column-74727f20\"><div class=\"gb-container gb-container-74727f20\"><div class=\"gb-inside-container\">\n\n<figure class=\"wp-block-image size-full is-resized is-style-default\"><img loading=\"lazy\" decoding=\"async\" width=\"1024\" height=\"683\" src=\"https:\/\/www.remlinger-eierlauf.de\/wp-content\/uploads\/2022\/12\/C26K0052_1-min-1024x683-1.jpg\" alt=\"\" class=\"wp-image-1022\" srcset=\"https:\/\/www.remlinger-eierlauf.de\/wp-content\/uploads\/2022\/12\/C26K0052_1-min-1024x683-1.jpg 1024w, https:\/\/www.remlinger-eierlauf.de\/wp-content\/uploads\/2022\/12\/C26K0052_1-min-1024x683-1-300x200.jpg 300w, https:\/\/www.remlinger-eierlauf.de\/wp-content\/uploads\/2022\/12\/C26K0052_1-min-1024x683-1-768x512.jpg 768w\" sizes=\"auto, (max-width: 1024px) 100vw, 1024px\" \/><\/figure>\n\n<\/div><\/div><\/div>\n<\/div>\n<\/div><\/div><\/div>\n\n<div class=\"gb-grid-column gb-grid-column-e2e01ea8\"><div class=\"gb-container gb-container-e2e01ea8\"><div class=\"gb-inside-container\">\n<div class=\"gb-button-wrapper gb-button-wrapper-9ebe06ad\">\n\n<a class=\"gb-button gb-button-34da4168 smooth-scroll hide-on-mobile\" href=\"#clients\"><span class=\"gb-icon\"><svg xmlns=\"http:\/\/www.w3.org\/2000\/svg\" viewBox=\"0 0 16 16\" class=\"bi bi-arrow-down\" fill=\"currentColor\" height=\"16\" width=\"16\"><path d=\"M8 1a.5.5 0 0 1 .5.5v11.793l3.146-3.147a.5.5 0 0 1 .708.708l-4 4a.5.5 0 0 1-.708 0l-4-4a.5.5 0 0 1 .708-.708L7.5 13.293V1.5A.5.5 0 0 1 8 1z\" fill-rule=\"evenodd\"><\/path><\/svg><\/span><\/a>\n\n<\/div>\n\n<div class=\"gb-button-wrapper gb-button-wrapper-e3f6faa4\">\n\n<span class=\"gb-button gb-button-7dec8028 gb-button-text\">Button<\/span>\n\n<\/div>\n<\/div><\/div><\/div>\n<\/div>\n<\/div><\/div>\n\n<div class=\"gb-container gb-container-690490f8\" id=\"clients\"><div class=\"gb-inside-container\">\n<div class=\"gb-grid-wrapper gb-grid-wrapper-98bb50b3\">\n<div class=\"gb-grid-column gb-grid-column-1d5dcaff\"><div class=\"gb-container gb-container-1d5dcaff\"><div class=\"gb-inside-container\">\n<div class=\"gb-button-wrapper gb-button-wrapper-d6803713\">\n\n<span class=\"gb-button gb-button-237410bf\"><span class=\"gb-icon\"><svg xml:space=\"preserve\" style=\"enable-background:new 0 0 512 512;\" viewBox=\"0 0 512 512\" y=\"0px\" x=\"0px\" xmlns:xlink=\"http:\/\/www.w3.org\/1999\/xlink\" xmlns=\"http:\/\/www.w3.org\/2000\/svg\" id=\"Layer_1\" version=\"1.1\"> <g> \t<g> \t\t<path d=\"M411.272,52.471c-44.929-34.326-98.621-52.47-155.273-52.47c-68.38,0-132.667,26.629-181.019,74.98 \t\t\tC26.629,123.334,0,187.621,0,256.001c0,68.463,26.686,132.807,75.143,181.178c1.626,1.622,3.755,2.434,5.885,2.434 \t\t\tc2.133,0,4.268-0.815,5.895-2.444c3.249-3.256,3.245-8.53-0.01-11.779c-45.305-45.224-70.254-105.38-70.254-169.388 \t\t\tc0-63.931,24.896-124.035,70.102-169.241c45.206-45.205,105.31-70.101,169.24-70.101c52.964,0,103.16,16.961,145.158,49.049 \t\t\tc3.657,2.793,8.883,2.093,11.676-1.561C415.626,60.49,414.927,55.264,411.272,52.471z\"><\/path> \t<\/g> <\/g> <g> \t<g> \t\t<path d=\"M437.234,75.199c-3.248-3.254-8.522-3.263-11.779-0.012c-3.257,3.248-3.263,8.522-0.014,11.778 \t\t\tc45.076,45.185,69.901,105.216,69.901,169.035c0,63.931-24.896,124.035-70.102,169.24c-45.206,45.206-105.31,70.102-169.24,70.102 \t\t\tc-52.784,0-102.841-16.856-144.76-48.744c-3.66-2.785-8.886-2.074-11.672,1.586c-2.785,3.661-2.074,8.886,1.586,11.672 \t\t\tc44.842,34.113,98.387,52.144,154.846,52.144c68.38,0,132.667-26.629,181.019-74.98C485.371,388.666,512,324.379,512,255.999 \t\t\tC512,187.738,485.447,123.528,437.234,75.199z\"><\/path> \t<\/g> <\/g> <g> \t<g> \t\t<path d=\"M262.474,352.114c-16.457,0-30.361,13.904-30.361,30.361v8.094c0,16.741,13.62,30.361,30.361,30.361 \t\t\tc17.309,0,30.361-13.052,30.361-30.361v-8.094C292.833,365.451,279.498,352.114,262.474,352.114z M276.175,390.568 \t\t\tc0,7.939-5.763,13.703-13.703,13.703c-7.556,0-13.703-6.147-13.703-13.703v-8.094c0-7.299,6.403-13.703,13.703-13.703 \t\t\tc7.811,0,13.703,5.891,13.703,13.703V390.568z\"><\/path> \t<\/g> <\/g> <g> \t<g> \t\t<path d=\"M365.673,192.283c0-56.657-46.296-102.75-103.2-102.75c-36.409,0-70.353,19.506-88.577,50.893 \t\t\tc-8.459,14.501-3.842,32.702,10.508,41.437c0.044,0.027,0.089,0.053,0.134,0.08c4.746,2.768,10.114,4.232,15.521,4.232 \t\t\tc10.962-0.001,20.848-5.729,26.468-15.364c7.301-12.679,21.074-20.556,35.947-20.556c24.073,0,42.928,18.461,42.928,42.029 \t\t\tc0,23.176-19.258,42.029-42.928,42.029c-16.174,0-30.361,14.187-30.361,30.361c0,0.328,0.014,0.642,0.04,0.944 \t\t\tc-0.028,0.302-0.04,0.589-0.04,0.855v46.761c0,16.741,13.619,30.361,30.361,30.361c17.309,0,30.361-13.052,30.361-30.361v-22.852 \t\t\th-0.001C336.043,277.245,365.673,237.806,365.673,192.283z M282.588,275.901c-3.758,0.888-6.411,4.243-6.411,8.105v29.226 \t\t\tc0,7.939-5.763,13.703-13.703,13.703c-7.556,0-13.703-6.147-13.703-13.703v-44.853c0.345-1.038,0.45-2.011,0.45-2.807 \t\t\tc0-0.817-0.12-1.622-0.351-2.392c0.85-6.463,7.061-12.21,13.604-12.21c32.856,0,59.586-26.327,59.586-58.687 \t\t\tc0-15.908-6.222-30.739-17.519-41.762c-11.184-10.914-26.124-16.924-42.068-16.924c-20.812,0-40.118,11.075-50.359,28.861 \t\t\tc-2.578,4.419-7.085,7.057-12.057,7.058c-2.435,0-4.874-0.665-7.059-1.923c-6.577-4.048-8.604-12.105-4.705-18.788 \t\t\tc15.262-26.285,43.686-42.614,74.18-42.614c47.719,0,86.542,38.621,86.542,86.092 \t\t\tC349.015,232.264,321.699,266.649,282.588,275.901z\"><\/path> \t<\/g> <\/g> <g> <\/g> <g> <\/g> <g> <\/g> <g> <\/g> <g> <\/g> <g> <\/g> <g> <\/g> <g> <\/g> <g> <\/g> <g> <\/g> <g> <\/g> <g> <\/g> <g> <\/g> <g> <\/g> <g> <\/g> <\/svg><\/span><\/span>\n\n<\/div>\n<\/div><\/div><\/div>\n\n<div class=\"gb-grid-column gb-grid-column-d356a0ba\"><div class=\"gb-container gb-container-d356a0ba\"><div class=\"gb-inside-container\">\n<div class=\"gb-button-wrapper gb-button-wrapper-7bf02ad6\">\n\n<a class=\"gb-button gb-button-73a7f7e6 smooth-scroll hide-on-mobile\" href=\"#service\"><span class=\"gb-icon\"><svg xmlns=\"http:\/\/www.w3.org\/2000\/svg\" viewBox=\"0 0 16 16\" class=\"bi bi-arrow-down\" fill=\"currentColor\" height=\"16\" width=\"16\"><path d=\"M8 1a.5.5 0 0 1 .5.5v11.793l3.146-3.147a.5.5 0 0 1 .708.708l-4 4a.5.5 0 0 1-.708 0l-4-4a.5.5 0 0 1 .708-.708L7.5 13.293V1.5A.5.5 0 0 1 8 1z\" fill-rule=\"evenodd\"><\/path><\/svg><\/span><\/a>\n\n<\/div>\n<\/div><\/div><\/div>\n<\/div>\n\n<div class=\"gb-grid-wrapper gb-grid-wrapper-3d920c49\">\n<div class=\"gb-grid-column gb-grid-column-db77ce9c\"><div class=\"gb-container gb-container-db77ce9c\"><div class=\"gb-inside-container\">\n<div class=\"gb-button-wrapper gb-button-wrapper-7876d78b\">\n\n<span class=\"gb-button gb-button-cfd5cb49 gb-button-text\">Button<\/span>\n\n<\/div>\n\n\n<h2 class=\"gb-headline gb-headline-ac8976bc gb-headline-text\"><strong>Was ist eigentlich der Remlinger eierlauf?<\/strong><\/h2>\n\n<\/div><\/div><\/div>\n\n<div class=\"gb-grid-column gb-grid-column-370e3728\"><div class=\"gb-container gb-container-370e3728\"><div class=\"gb-inside-container\">\n\n<p>Im 18. und 19. Jahrhundert war es f\u00fcr jeden Bauern und Gesch\u00e4ftsmann Pflicht den zehnten Teil des produzierten Hab und Gutes dem \u00f6rtlich regierenden Grafen oder F\u00fcrsten zu \u00fcbergeben.<\/p>\n\n<\/div><\/div><\/div>\n\n<div class=\"gb-grid-column gb-grid-column-35f1a824\"><div class=\"gb-container gb-container-35f1a824\"><div class=\"gb-inside-container\">\n\n<p class=\"gb-headline gb-headline-1d73605c gb-headline-text\">In Remlingen (Unterfranken, Landkreis W\u00fcrzburg) wurden diese Gaben auf dem Centberg (zehnter Teil, daher cent) abgeliefert. Unter all den abzugebenden G\u00fctern waren nat\u00fcrlich auch eine ganze Menge Eier.<\/p>\n\n<\/div><\/div><\/div>\n\n<div class=\"gb-grid-column gb-grid-column-ede0fb92\"><div class=\"gb-container gb-container-ede0fb92\"><div class=\"gb-inside-container\">\n\n<p class=\"gb-headline gb-headline-dc47a138 gb-headline-text\">Im Jahre 1738 regierten in Remlingen die zwei Grafschaften Castell-Remlingen und L\u00f6wenstein-Wertheim. Gr\u00e4fin Dorothea Renata von Castell-Remlingen (1669-1743) verzichtete im Jahre 1738 auf die \u201eHubeier\u201c. Ihre Forderung war jedoch, j\u00e4hrlich an Ostermontag ein Volksfest zu feiern, bei dem die erlassenen Eier der Dorfjugend \u00fcbergeben wurden.<\/p>\n\n<\/div><\/div><\/div>\n\n<div class=\"gb-grid-column gb-grid-column-7e3fe9ae\"><div class=\"gb-container gb-container-7e3fe9ae\"><div class=\"gb-inside-container\">\n\n<p class=\"gb-headline gb-headline-690c2076 gb-headline-text\">Aus diesem Anlass entwickelten die Burschen einen Wettkampf aus den geschenkten Eiern. Regeln waren dabei, neben dem j\u00e4hrlichem Stattfinden: Nur junge, unverheiratete, unbescholtene (ohne Vorstrafen) Burschen durften an diesem Wettkampf teilnehmen. Den Wettkampf selbst nannten die Veranstalter aus dem Dorf schlicht und einfach \u201eEierlauf\u201c.<\/p>\n\n\n\n<div class=\"wp-block-buttons is-layout-flex wp-block-buttons-is-layout-flex\"><\/div>\n\n<\/div><\/div><\/div>\n\n<div class=\"gb-grid-column gb-grid-column-67f4c048\"><div class=\"gb-container gb-container-67f4c048\"><div class=\"gb-inside-container\">\n\n<p class=\"gb-headline gb-headline-542c2283 gb-headline-text\">Bis heute wurde der Eierlauf, au\u00dfer in den Jahren der beiden Weltkriege, nicht unterbrochen &#8211; selbst nicht w\u00e4hrend der Corona Pandemie &#8211; und nat\u00fcrlich nehmen auch heute noch nur junge, unverheiratete, unbescholtene Burschen am Remlinger Eierlauf teil.<\/p>\n\n<\/div><\/div><\/div>\n<\/div>\n\n\n<div class=\"wp-block-buttons is-layout-flex wp-block-buttons-is-layout-flex\"><\/div>\n\n\n<div class=\"gb-button-wrapper gb-button-wrapper-8f010472\">\n\n<a class=\"gb-button gb-button-8190f1e8\" href=\"https:\/\/www.remlinger-eierlauf.de\/index.php\/ueber-den-eierlauf\/\"><span class=\"gb-button-text\">Mehr zur Geschichte und zum Ablauf des Remlinger Eierlaufs<\/span><span class=\"gb-icon\"><svg aria-hidden=\"true\" role=\"img\" height=\"1em\" width=\"1em\" viewBox=\"0 0 256 512\" xmlns=\"http:\/\/www.w3.org\/2000\/svg\"><path fill=\"currentColor\" d=\"M224.3 273l-136 136c-9.4 9.4-24.6 9.4-33.9 0l-22.6-22.6c-9.4-9.4-9.4-24.6 0-33.9l96.4-96.4-96.4-96.4c-9.4-9.4-9.4-24.6 0-33.9L54.3 103c9.4-9.4 24.6-9.4 33.9 0l136 136c9.5 9.4 9.5 24.6.1 34z\"><\/path><\/svg><\/span><\/a>\n\n<\/div>\n<\/div><\/div>\n\n\n<p><\/p>\n","protected":false},"excerpt":{"rendered":"","protected":false},"author":1,"featured_media":0,"parent":0,"menu_order":0,"comment_status":"closed","ping_status":"closed","template":"","meta":{"footnotes":""},"class_list":["post-780","page","type-page","status-publish"],"_links":{"self":[{"href":"https:\/\/www.remlinger-eierlauf.de\/index.php\/wp-json\/wp\/v2\/pages\/780","targetHints":{"allow":["GET"]}}],"collection":[{"href":"https:\/\/www.remlinger-eierlauf.de\/index.php\/wp-json\/wp\/v2\/pages"}],"about":[{"href":"https:\/\/www.remlinger-eierlauf.de\/index.php\/wp-json\/wp\/v2\/types\/page"}],"author":[{"embeddable":true,"href":"https:\/\/www.remlinger-eierlauf.de\/index.php\/wp-json\/wp\/v2\/users\/1"}],"replies":[{"embeddable":true,"href":"https:\/\/www.remlinger-eierlauf.de\/index.php\/wp-json\/wp\/v2\/comments?post=780"}],"version-history":[{"count":15,"href":"https:\/\/www.remlinger-eierlauf.de\/index.php\/wp-json\/wp\/v2\/pages\/780\/revisions"}],"predecessor-version":[{"id":1235,"href":"https:\/\/www.remlinger-eierlauf.de\/index.php\/wp-json\/wp\/v2\/pages\/780\/revisions\/1235"}],"wp:attachment":[{"href":"https:\/\/www.remlinger-eierlauf.de\/index.php\/wp-json\/wp\/v2\/media?parent=780"}],"curies":[{"name":"wp","href":"https:\/\/api.w.org\/{rel}","templated":true}]}}